{"id":3169,"date":"2023-04-04T13:23:50","date_gmt":"2023-04-04T13:23:50","guid":{"rendered":"https:\/\/www.socomat.ro\/magazin\/?page_id=3169"},"modified":"2023-04-04T13:23:50","modified_gmt":"2023-04-04T13:23:50","slug":"notificare-protectia-datelor-online","status":"publish","type":"page","link":"https:\/\/www.socomat.ro\/magazin\/notificare-protectia-datelor-online\/","title":{"rendered":"Notificare protec\u021bia datelor online"},"content":{"rendered":"<h1><span style=\"font-size: 16px;\">DECLARATIE DE PROTEC\u021aIE A DATELOR ONLINE<\/span><\/h1>\n<div class=\"wrapper\">\n<h6>SCOP PROTECTIA DATELOR PERSONALE<\/h6>\n<p>SC SOCOMAT TRADE SRL<\/p>\n<p>021\/425.26.36<\/p>\n<p><a href=\"http:\/\/www.socomat.ro\/\">http:\/\/www.socomat.ro<\/a>\u00a0;\u00a0<a href=\"http:\/\/www.sokotools.ro\/\">http:\/\/www.sokotools.ro<\/a>\u00a0;<\/p>\n<p>CIF 6477131<\/p>\n<p>J40\/21111\/1994<\/p>\n<h4>NOTA DE INFORMARE PRIVIND PROTECTIA DATELOR PERSONALE<\/h4>\n<p>Siteul web\u00a0<a href=\"http:\/\/www.socomat.ro\/\">http:\/\/www.socomat.ro<\/a>\u00a0;\u00a0<a href=\"http:\/\/www.sokotools.ro\/\">http:\/\/www.sokotools.ro<\/a>\u00a0 apartine si este administrat de catre SC SOCOMAT TRADE SRL,, companie romaneasca, care poate fi contactata in urmatorele moduri:<\/p>\n<ul>\n<li class=\"first\">telefonic: \u260e 021\/425.26.36<\/li>\n<li>e-mail: \u2709 magazin@socomat.ro<\/li>\n<li class=\"last\">la adresa: \u00f7 Str. Veseliei nr 3-5 sect 5, Bucuresti<\/li>\n<\/ul>\n<p>Conform prevederilor legislative impuse de Uniunea European\u0103 prin Regulamentul General pentru Protectia Datelor cu caracter personal nr. 679\/2016, completate cu legila\u021bia rom\u00e2n\u0103 \u00een vigoare, SC SOCOMAT TRADE SRL isi asuma prevederile legislative si se oblige sa administreze in conditii de siguranta si numai pentru scopurite declarate, datele cu character personal care sunt furnizate de dumnevoastra prin intermediul formlarelor, e-mailurilor sau aplicatiilor noastre web.<\/p>\n<p>Scopul colectarii datelor precizate mai sus este cel declarat in sectiunea in care va sunt solicitate datele dvs. si in functie de optiunile selectate, iar prin scop se poate identifica una sau mai multe din urmatoarele situatii:<\/p>\n<ul>\n<li class=\"first\">pentru imbunatatirea calitatii produselor si serviciilor SC SOCOMAT TRADE SRL astfel incat sa vina in intampinarea nevoilor utilizatorilor si pentru a furniza noutati despre produsele si serviciile oferite;<\/li>\n<li>reprezinta livrarea, facturarea si comercializarea online de produse si\/sau servicii incluzand facturarea si livrarea acestora;<\/li>\n<li>informarea cu privire la comanda plasata, produsele favorite sau incluse in lista de preferinte sau alertare;<\/li>\n<li>trasmiterea newsletterului si a oferteler ocazionale;<\/li>\n<li class=\"last\">prestarea serviciilor de reclama, marketing si publicitate.<\/li>\n<\/ul>\n<p>SC SOCOMAT TRADE SRL prelucreaza datele dumneavoastra cu caracter personal, prin mijloace automatizate si manuale, destinate executarii serviciilor catre clienti, emiterii facturilor fiscale si a eventualelor garantii, colectarea creantelor legate de acestea precum si rezolvarii solicitaritor dumneavoastra in legatura cu activitatea desfasurata de SC SOCOMAT TRADE SRL .<\/p>\n<p>Datele dumneavoastra sunt necesare executarii serviciilor, emiterii facturilor de servicii, colectarea creantelor legate de acestea precum si rezolvarii solicitarilor dumneavoastra in legatura cu activitatea desfasurata de SC SOCOMAT TRADE SRL<\/p>\n<p>Va punem in vedere faptul ca refuzul dumneavoastra poate determina imposibilitatea furnizarii serviciilor\/produselor sau optiunilor selectate\/comandate.<\/p>\n<p>Informatiile inregistrate sunt destinate utilizarii de care SC SOCOMAT TRADE SRL si sunt comunicate numai urmatorilor destinatari:<\/p>\n<ul>\n<li class=\"first\">angajatii responsabili de siteul web pe care ati efectuat transmiterea datelor dvs.,<\/li>\n<li>transportatorilor pentru efectuarea corespondentei si a comunicarilor,<\/li>\n<li class=\"last\">tertilor implicati in indeplinirea scopului vizat pentru persoanelor vizate.<\/li>\n<\/ul>\n<p>Conform legisla\u021biei in vigoare, beneficiati de dreptul de acces, de interventie asupra datelor, dreptul de a va opune procesarii datelor, dreptul de retragere a consimtamantul sau a datelor, de dreptul de a nu fi supus unei decizii individuale. Totodata, aveti dreptul sa va opuneti prelucrarii datelor personale care va privesc si sa solicitati stergerea datelor. Va notificam cu privire la faptul ca orice persoana are dreptul de a se opune, in mod gratuit si fare nicio justificare, la prelucrarea datelor sale personale in scopuri de marketing direct.<\/p>\n<p>Pentru exercitarea acestor drepturi, va puteti adresa cu o cerere scrisa, datata si semnata catre SC SOCOMAT TRADE SRL la adresa de email \u2709 magazin@socomat.ro sau prin posta clasica la adresa \u00f7 Str. Veseliei nr. 3-5, sect 5, Bucuresti.<\/p>\n<p>Daca unele din datele despre dumneavoastra sunt incorecte, va rugam sa ne informati cat mai curand posibil pentru a remedia situatia, trimitand un email la adresa de email \u2709 magazin@socomat.ro sau prin posta clasica la adresa \u00f7 Str. Veseliei nr. 3-5, sect 5, Bucuresti.<\/p>\n<p>De asemenea, va este recunoscut dreptul de a va adresa justitiei. Datele dumneavoastra nu pot fi transferate in strainatate decat in masura in care tertii implicate nu sunt din Romania si acest lucru este necesar in indeplinirea scopului.<\/p>\n<p>Administrator<\/p>\n<p>Zaharia Teodor<\/p>\n<p>reprezentant legal al<\/p>\n<p>SOCOMAT TRADE SRL<\/p>\n<\/div>\n","protected":false},"excerpt":{"rendered":"<p>DECLARATIE DE PROTEC\u021aIE A DATELOR ONLINE SCOP PROTECTIA DATELOR PERSONALE SC SOCOMAT TRADE SRL 021\/425.26.36 http:\/\/www.socomat.ro\u00a0;\u00a0http:\/\/www.sokotools.ro\u00a0; CIF 6477131 J40\/21111\/1994 NOTA DE INFORMARE PRIVIND PROTECTIA DATELOR PERSONALE Siteul web\u00a0http:\/\/www.socomat.ro\u00a0;\u00a0http:\/\/www.sokotools.ro\u00a0 apartine si este administrat de catre SC SOCOMAT TRADE SRL,, companie romaneasca, care poate fi contactata in urmatorele moduri: telefonic: \u260e 021\/425.26.36 e-mail: \u2709 magazin@socomat.ro la adresa: \u00f7 Str. Veseliei nr 3-5 sect 5, Bucuresti Conform prevederilor legislative impuse de Uniunea European\u0103 prin Regulamentul General pentru Protectia Datelor cu caracter personal nr. 679\/2016, completate cu legila\u021bia rom\u00e2n\u0103 \u00een vigoare, SC SOCOMAT TRADE SRL isi asuma prevederile legislative si se oblige sa administreze in conditii de siguranta si numai pentru scopurite declarate, datele cu character personal care sunt furnizate de dumnevoastra prin intermediul formlarelor, e-mailurilor sau aplicatiilor noastre web. Scopul colectarii datelor precizate mai sus este cel declarat in sectiunea in care va sunt solicitate datele dvs. si in functie de optiunile selectate, iar prin scop se poate identifica una sau mai multe din urmatoarele situatii: pentru imbunatatirea calitatii produselor si serviciilor SC SOCOMAT TRADE SRL astfel incat sa vina in intampinarea nevoilor utilizatorilor si pentru a furniza noutati despre produsele si serviciile oferite; reprezinta livrarea, facturarea si comercializarea online de produse si\/sau servicii incluzand facturarea si livrarea acestora; informarea cu privire la comanda plasata, produsele favorite sau incluse in lista de preferinte sau alertare; trasmiterea newsletterului si a oferteler ocazionale; prestarea serviciilor de reclama, marketing si publicitate. SC SOCOMAT TRADE SRL prelucreaza datele dumneavoastra cu caracter personal, prin mijloace automatizate si manuale, destinate executarii serviciilor catre clienti, emiterii facturilor fiscale si a eventualelor garantii, colectarea creantelor legate de acestea precum si rezolvarii solicitaritor dumneavoastra in legatura cu activitatea desfasurata de SC SOCOMAT TRADE SRL . Datele dumneavoastra sunt necesare executarii serviciilor, emiterii facturilor de servicii, colectarea creantelor legate de acestea precum si rezolvarii solicitarilor dumneavoastra in legatura cu activitatea desfasurata de SC SOCOMAT TRADE SRL Va punem in vedere faptul ca refuzul dumneavoastra poate determina imposibilitatea furnizarii serviciilor\/produselor sau optiunilor selectate\/comandate. Informatiile inregistrate sunt destinate utilizarii de care SC SOCOMAT TRADE SRL si sunt comunicate numai urmatorilor destinatari: angajatii responsabili de siteul web pe care ati efectuat transmiterea datelor dvs., transportatorilor pentru efectuarea corespondentei si a comunicarilor, tertilor implicati in indeplinirea scopului vizat pentru persoanelor vizate. Conform legisla\u021biei in vigoare, beneficiati de dreptul de acces, de interventie asupra datelor, dreptul de a va opune procesarii datelor, dreptul de retragere a consimtamantul sau a datelor, de dreptul de a nu fi supus unei decizii individuale. Totodata, aveti dreptul sa va opuneti prelucrarii datelor personale care va privesc si sa solicitati stergerea datelor. Va notificam cu privire la faptul ca orice persoana are dreptul de a se opune, in mod gratuit si fare nicio justificare, la prelucrarea datelor sale personale in scopuri de marketing direct. Pentru exercitarea acestor drepturi, va puteti adresa cu o cerere scrisa, datata si semnata catre SC SOCOMAT TRADE SRL la adresa de email \u2709 magazin@socomat.ro sau prin posta clasica la adresa \u00f7 Str. Veseliei nr. 3-5, sect 5, Bucuresti. Daca unele din datele despre dumneavoastra sunt incorecte, va rugam sa ne informati cat mai curand posibil pentru a remedia situatia, trimitand un email la adresa de email \u2709 magazin@socomat.ro sau prin posta clasica la adresa \u00f7 Str. Veseliei nr. 3-5, sect 5, Bucuresti. De asemenea, va este recunoscut dreptul de a va adresa justitiei. Datele dumneavoastra nu pot fi transferate in strainatate decat in masura in care tertii implicate nu sunt din Romania si acest lucru este necesar in indeplinirea scopului. Administrator Zaharia Teodor reprezentant legal al SOCOMAT TRADE SRL<\/p>\n","protected":false},"author":1,"featured_media":0,"parent":0,"menu_order":0,"comment_status":"closed","ping_status":"closed","template":"","meta":{"_monsterinsights_skip_tracking":false,"_monsterinsights_sitenote_active":false,"_monsterinsights_sitenote_note":"","_monsterinsights_sitenote_category":0,"site-sidebar-layout":"default","site-content-layout":"default","ast-site-content-layout":"default","site-content-style":"default","site-sidebar-style":"default","ast-global-header-display":"","ast-banner-title-visibility":"","ast-main-header-display":"","ast-hfb-above-header-display":"","ast-hfb-below-header-display":"","ast-hfb-mobile-header-display":"","site-post-title":"","ast-breadcrumbs-content":"","ast-featured-img":"","footer-sml-layout":"","theme-transparent-header-meta":"default","adv-header-id-meta":"","stick-header-meta":"","header-above-stick-meta":"","header-main-stick-meta":"","header-below-stick-meta":"","astra-migrate-meta-layouts":"default","ast-page-background-enabled":"default","ast-page-background-meta":{"desktop":{"background-color":"var(--ast-global-color-4)","background-image":"","background-repeat":"repeat","background-position":"center center","background-size":"auto","background-attachment":"scroll","background-type":"","background-media":"","overlay-type":"","overlay-color":"","overlay-opacity":"","overlay-gradient":""},"tablet":{"background-color":"","background-image":"","background-repeat":"repeat","background-position":"center center","background-size":"auto","background-attachment":"scroll","background-type":"","background-media":"","overlay-type":"","overlay-color":"","overlay-opacity":"","overlay-gradient":""},"mobile":{"background-color":"","background-image":"","background-repeat":"repeat","background-position":"center center","background-size":"auto","background-attachment":"scroll","background-type":"","background-media":"","overlay-type":"","overlay-color":"","overlay-opacity":"","overlay-gradient":""}},"ast-content-background-meta":{"desktop":{"background-color":"var(--ast-global-color-5)","background-image":"","background-repeat":"repeat","background-position":"center center","background-size":"auto","background-attachment":"scroll","background-type":"","background-media":"","overlay-type":"","overlay-color":"","overlay-opacity":"","overlay-gradient":""},"tablet":{"background-color":"var(--ast-global-color-5)","background-image":"","background-repeat":"repeat","background-position":"center center","background-size":"auto","background-attachment":"scroll","background-type":"","background-media":"","overlay-type":"","overlay-color":"","overlay-opacity":"","overlay-gradient":""},"mobile":{"background-color":"var(--ast-global-color-5)","background-image":"","background-repeat":"repeat","background-position":"center center","background-size":"auto","background-attachment":"scroll","background-type":"","background-media":"","overlay-type":"","overlay-color":"","overlay-opacity":"","overlay-gradient":""}},"footnotes":""},"class_list":["post-3169","page","type-page","status-publish","hentry"],"_links":{"self":[{"href":"https:\/\/www.socomat.ro\/magazin\/wp-json\/wp\/v2\/pages\/3169","targetHints":{"allow":["GET"]}}],"collection":[{"href":"https:\/\/www.socomat.ro\/magazin\/wp-json\/wp\/v2\/pages"}],"about":[{"href":"https:\/\/www.socomat.ro\/magazin\/wp-json\/wp\/v2\/types\/page"}],"author":[{"embeddable":true,"href":"https:\/\/www.socomat.ro\/magazin\/wp-json\/wp\/v2\/users\/1"}],"replies":[{"embeddable":true,"href":"https:\/\/www.socomat.ro\/magazin\/wp-json\/wp\/v2\/comments?post=3169"}],"version-history":[{"count":1,"href":"https:\/\/www.socomat.ro\/magazin\/wp-json\/wp\/v2\/pages\/3169\/revisions"}],"predecessor-version":[{"id":3170,"href":"https:\/\/www.socomat.ro\/magazin\/wp-json\/wp\/v2\/pages\/3169\/revisions\/3170"}],"wp:attachment":[{"href":"https:\/\/www.socomat.ro\/magazin\/wp-json\/wp\/v2\/media?parent=3169"}],"curies":[{"name":"wp","href":"https:\/\/api.w.org\/{rel}","templated":true}]}}