{"id":3124,"date":"2023-04-04T10:30:49","date_gmt":"2023-04-04T10:30:49","guid":{"rendered":"https:\/\/www.socomat.ro\/magazin\/?page_id=3124"},"modified":"2023-04-04T10:30:49","modified_gmt":"2023-04-04T10:30:49","slug":"termeni-si-conditii","status":"publish","type":"page","link":"https:\/\/www.socomat.ro\/magazin\/termeni-si-conditii\/","title":{"rendered":"Termeni si conditii"},"content":{"rendered":"\n<p><strong>V\u00e2nz\u0103tor<\/strong><br>SC SOCOMAT TRADE&nbsp; SRL cu sediul in Bucuresti, Strada Vlaicu Voda, nr 11, Tel-Fax 021\/425.26.36, CUI RO6477131, J40\/21111\/1994<\/p>\n\n\n\n<p><strong>Cump\u0103r\u0103tor<\/strong><br>Persoana juridic\u0103 sau orice entitate juridic\u0103 care efectueaza o Comanda.<\/p>\n\n\n\n<p><strong>Comanda<\/strong>: un document electronic ce intervine ca form\u0103 de comunicare \u00eentre V\u00e2nz\u0103tor \u015fi Cump\u0103r\u0103tor prin care V\u00e2nz\u0103torul este de acord s\u0103 livreze Bunurile \u015fi Cump\u0103r\u0103torul este de acord sa primeasc\u0103 aceste Bunuri \u015fi s\u0103 fac\u0103 plata acestora.<\/p>\n\n\n\n<p><strong>Contract<\/strong><br>Reprezint\u0103 contractul la distan\u0163\u0103 \u00eencheiat \u00eentre V\u00e2nz\u0103tor \u015fi Cump\u0103r\u0103tor, f\u0103r\u0103 prezen\u0163a fizic\u0103 simultan\u0103 a V\u00e2nz\u0103torului \u015fi a Cump\u0103r\u0103torului. Termenii \u015fi condi\u0163iile generale de v\u00e2nzare vor sta la baza Contractului astfel \u00eencheiat, \u00een completarea acestora fiind Certificatul de Garan\u0163ie emis de c\u0103tre V\u00e2nz\u0103tor sau un furnizor al acestuia.&nbsp;Contractul se \u00eencheie pe durat\u0103 nedeterminat\u0103, dar poate \u00eenceta \u00een momentul \u00een care Cump\u0103r\u0103torul&nbsp;\u00ee\u015fi exercit\u0103 dreptul de retragere din contract sau \u00een caz de for\u0163\u0103 major\u0103.<\/p>\n\n\n\n<p><strong>Documente contractuale<\/strong><br>a) Prin \u00eenregistrarea unei Comenzi pe Site, Cump\u0103r\u0103torul este de acord cu forma de comunicare (telefonic sau e-mail) prin care v\u00e2nz\u0103torul i\u015fi deruleaz\u0103 opera\u0163iunile comerciale.<br>b) Notificarile primite de catre Cump\u0103r\u0103tor, dup\u0103 efectuarea Comenzii, au rol de informare \u015fi nu reprezint\u0103 acceptarea Comenzii. Aceste notificari se fac electronic (e-mail) sau telefonic.<br>c) Pentru motive justificate, V\u00e2nz\u0103torul i\u015fi rezerv\u0103 dreptul de a modifica cantitatea Bunurilor din Comand\u0103. Dac\u0103 modific\u0103 cantitatea de Bunuri din Comand\u0103, va anun\u0163a Cump\u0103r\u0103torul la adresa de e-mail sau la num\u0103rul de telefon puse la dispozit\u0163ia V\u00e2nz\u0103torului la efectuarea Comenzii \u015fi va returna suma achitat\u0103.<br>d) Confirmarea de&nbsp;\u00eenregistrare a Comenzii primit\u0103 de c\u0103tre Cump\u0103r\u0103tor&nbsp;automat, nu creeaza obligatii contractuale si nu este o confirmare a faptului ca produsele pot fi livrate. Contractul se consider\u0103 \u00eencheiat \u00een momentul \u00een care V\u00e2nz\u0103torul accept\u0103 comanda transmis\u0103 de Cump\u0103r\u0103tor. Acesta este momentul primirii de c\u0103tre Cump\u0103r\u0103tor de la V\u00e2nz\u0103tor, prin intermediul po\u015ftei electronice \u015fi\/sau SMS a notific\u0103rii de expediere a Comenzii (AWB transportator)<\/p>\n\n\n\n<p><strong>Forta majora<\/strong><br>Nici una din p\u0103r\u0163i nu va fi r\u0103spunz\u0103toare pentru neexecutarea obliga\u0163iilor sale contractuale, dac\u0103 o astfel de neexecutare la termen \u015fi\/sau \u00een mod corespunz\u0103tor, total sau par\u0163ial este datorat\u0103 unui eveniment de for\u0163\u0103 major\u0103. For\u0163a major\u0103 este evenimentul imprevizibil,\u00een afara controlului p\u0103r\u0163ilor \u015fi care nu poate fi evitat. Daca \u00een termen de 15 (cincisprezece) zile de la data producerii lui, respectivul eveniment nu inceteaz\u0103, fiecare parte va avea dreptul s\u0103 notifice celeilalte par\u0163i \u00eencetarea de plin drept a Contractului f\u0103r\u0103 ca vreuna dintre ele s\u0103 poat\u0103 pretinde celeilalte alte daune-interese.<\/p>\n\n\n\n<p><strong>Legea aplicabil\u0103 \u2013 Jurisdic\u0163ia<\/strong><\/p>\n\n\n\n<p>Prezentul Contract este supus legii rom\u00e2ne. Eventualele litigii ap\u0103rute intre&nbsp;Socomat Trade SRL&nbsp; \u015fi Clien\u0163i \/ Cump\u0103r\u0103tori se vor rezolva pe cale amiabil\u0103 sau, \u00een cazul \u00een care aceasta nu va fi posibil\u0103, litigiile vor fi solu\u0163ionate de instan\u0163ele judec\u0103tore\u015fti rom\u00e2ne competente din Municipiul Bucuresti.<\/p>\n\n\n\n<p><strong>Pre\u0163ul produselor<\/strong><br>Pre\u0163ul produselor este cel men\u0163ionat pe pagina web \u015fi este valabil \u00een limita stocurilor disponibile. Pre\u0163ul produselor electrice \u015fi electronice include \u015fi costurile colect\u0103rii, trat\u0103rii \u015fi elimin\u0103rii DEEE. &nbsp;Costurile sunt eviden\u0163iate separat pe factura de cump\u0103rare.&nbsp;Pre\u0163ul nu include taxele de transport, acestea sunt eviden\u0163iate separat la finalizarea comenzii.<\/p>\n\n\n\n<p><strong>Taxa de timbru verde<\/strong>&nbsp;\u2013 valoarea exprimat\u0103 \u00een lei, platit\u0103 de c\u0103tre V\u00e2nz\u0103tor c\u0103tre societatea autorizat\u0103 cu preluarea opera\u0163iunilor de colectare, transport \u015fi valorificare\/reciclare a de\u015feurilor echipamentelor electrice \u015fi electronice, astfel cum este prevazut de legisla\u0163ia \u00een vigoare.<\/p>\n\n\n\n<p><strong>Erori<\/strong><br>De\u015fi se fac eforturi permanente pentru p\u0103strarea acurate\u0163ei informa\u0163iilor pe site, rareori acestea pot con\u0163ine inadverten\u0163e: aspectul general al produsului s\u0103&nbsp;fie schimbat de produc\u0103tor fa\u0163\u0103&nbsp;de imaginile prezentate, s\u0103&nbsp;fie modificate anumite aspecte tehnice de la prezentarea produsului pe site, pre\u0163ul sau stocul s\u0103&nbsp;fie afi\u015fat eronat din motive tehnice. In aceste cazuri ne rezerv\u0103m dreptul de a refuza onorarea comenzilor&nbsp;\u015fi la anularea lor. De asemenea, comenzile la produsele ce con\u0163in discounturi se onoreaz\u0103&nbsp;doar in limita stocului disponibil.<\/p>\n\n\n\n<p><strong>Facturare &#8211; Plata<\/strong><br>Pre\u0163ul, modalitatea de plat\u0103 \u015fi termenul de plat\u0103 sunt specificate \u00een Comand\u0103. V\u00e2nz\u0103torul va emite c\u0103tre Cump\u0103r\u0103tor o factur\u0103 pentru produsele livrate, obliga\u0163ia Cump\u0103r\u0103torului fiind s\u0103 furnizeze toate informa\u0163iile necesare emiterii facturii conform cu legisla\u0163ia \u00een vigoare.<\/p>\n\n\n\n<p><strong>Plata \u00een avans<\/strong><br>Pentru anumite comenzi trimise prin curierat cu plata ramburs, se poate cere plata \u00een avans sau plata unui avans de minim 20% din valoarea total\u0103.<\/p>\n\n\n\n<p><strong>Livrare<\/strong><br>(1) Cu excep\u0163ia cazului \u00een care p\u0103r\u0163ile au convenit altfel cu privire la momentul livr\u0103rii, V\u00e2nz\u0103torul&nbsp;livreaz\u0103 produsele transfer\u00e2nd posesia fizic\u0103 sau controlul asupra produselor c\u0103tre client, f\u0103r\u0103&nbsp;\u00eent\u00e2rziere nejustificat\u0103 \u015fi, \u00een orice caz, \u00een decurs de cel mult 30 de zile de la \u00eencheierea contractului.<br>(2) \u00cen cazul \u00een care V\u00e2nz\u0103torul&nbsp;nu \u015fi-a \u00eendeplinit obliga\u0163ia de a livra produsele \u00een momentul&nbsp;convenit cu clientul sau \u00een termenul stabilit la alin. (1), clientul \u00eei solicit\u0103 s\u0103 efectueze&nbsp;livrarea \u00eentr-un termen suplimentar, corespunz\u0103tor circumstan\u0163elor. \u00cen cazul \u00een care V\u00e2nz\u0103torul&nbsp;nu&nbsp;livreaz\u0103 produsele \u00een termenul suplimentar respectiv, clientul are dreptul, dup\u0103 caz, la&nbsp;rezolu\u0163iunea sau rezilierea contractului.<br>(3) Alineatul (2) nu se aplic\u0103 contractelor de v\u00e2nzare \u00een cazul \u00een care V\u00e2nz\u0103torul&nbsp;a refuzat s\u0103&nbsp;livreze produsele sau \u00een cazul \u00een care livrarea \u00een termenul convenit este esen\u0163ial\u0103 av\u00e2nd \u00een vedere&nbsp;toate circumstan\u0163ele existente la \u00eencheierea contractului sau \u00een cazul \u00een care clientul informeaz\u0103&nbsp;V\u00e2nz\u0103torul, \u00eenainte de \u00eencheierea contractului, c\u0103 livrarea \u00eenainte de sau la o dat\u0103 precizat\u0103 este&nbsp;esen\u0163ial\u0103. \u00cen aceste cazuri, dac\u0103 V\u00e2nz\u0103torul&nbsp;nu livreaz\u0103 produsele \u00een momentul convenit cu&nbsp;clientul sau \u00een termenul stabilit la alin. (1), clientul are dreptul, dup\u0103 caz, la rezolu\u0163iunea&nbsp;sau rezilierea contractului.<\/p>\n\n\n\n<p><strong>Transferul propriet\u0103tii bunurilor<\/strong><br>Proprietatea asupra Bunurilor va fi transferat\u0103 la livrare, dup\u0103 efectuarea pl\u0103tii din partea Cumparatorului \u00een loca\u0163ia indicat\u0103 \u00een Comand\u0103 (\u00eenteleg\u00e2nd prin livrare \u2013 semnarea de primire a documentului de transport furnizat de curier\/Agent comercial Socomat Trade)<\/p>\n\n\n\n<p><strong>R\u0103spundere<\/strong><br>Toate informa\u0163iile folosite pentru descrierea Bunurilor pe Site (imagini &nbsp;\/ prezent\u0103ri multimedia \/ etc) nu reprezinta o obligatie contractuala din partea V\u00e2nz\u0103torului, acestea fiind utilizate exclusiv cu titlu de prezentare. Datorit\u0103 modific\u0103rilor neanun\u0163ate efectuate de produc\u0103tori, unele caracteristici ale produselor precum forma de prezentare, culoare, dimensiuni, pot s\u0103 fie diferite fa\u0163\u0103 de prezentarea pe site.<\/p>\n\n\n\n<p><strong>Respectarea legilor \u015fi a standardelor<\/strong><\/p>\n\n\n\n<p>V\u00e2nz\u0103torul va respecta toate legile, reglement\u0103rile \u015fi ordonantele aplicabile la realiz\u0103rile sale contractuale, inclusiv f\u0103r\u0103 limitare la fabricarea, asamblarea, manipularea, transportul, depozitarea, ambalarea sau livrarea produselor \u015fi aplicabile la s\u0103n\u0103tate, securitate, mediu.<\/p>\n\n\n\n<p><strong>Garan\u0163ie<\/strong><br>Toate produsele comercializate prin intermediul site-ului sokotools.ro beneficiaz\u0103 de condi\u0163ii de garan\u0163ie conforme legisla\u0163iei \u00een vigoare \u015fi politicilor comerciale ale produc\u0103torilor. &nbsp;Se acord\u0103 garan\u0163ie pentru defecte de material \u015fi defecte de fabrica\u0163ie. Nu se acord\u0103 garan\u0163ie dac\u0103 produsul a fost utilizat necorespunz\u0103tor sau pentru uzur\u0103. Produsele consumabile nu beneficiaz\u0103 de garan\u0163ie.<\/p>\n\n\n\n<p><strong>Returnarea produselor \/ banilor<\/strong><br>Clientul are dreptul de a denun\u0163a&nbsp;contractul la distan\u0163\u0103 prin notificare \u00een scris trimis\u0103 comerciantului, \u00een termen de 3 zile de la primirea produsului.<\/p>\n\n\n\n<p><strong>Reclama\u0163ii<\/strong><br>Reclama\u0163iile clien\u0163ilor se pot face \u00een scris, prin intermediul po\u015ftei electronice, la adresa&nbsp;<a href=\"https:\/\/web.archive.org\/web\/20190114152338\/mailto:magazin@socomat.ro\">magazin@socomat.ro<\/a>.&nbsp;Acestea vor fi solu\u0163ionate de c\u0103tre v\u00e2nz\u0103tor \u00een conformitate cu &#8222;Termenii si condi\u0163iile&#8221; afi\u015fate pe site.<\/p>\n\n\n\n<p><strong>Confiden\u0163ialitate<\/strong><\/p>\n\n\n\n<p>Conform cerin\u0163elor Legii nr. 677\/2001 pentru protec\u0163ia persoanelor cu privire la prelucrarea datelor cu caracter personal \u015fi libera circula\u0163ie a acestor date, modificat\u0103 \u015fi completat\u0103, toate informa\u0163iile furnizate de dumneavoastr\u0103 vor fi administrate \u00een condi\u0163ii de siguran\u0163\u0103,&nbsp; vor ram\u00e2ne strict confiden\u0163iale \u015fi nu vor fi v\u00e2ndute, reutilizate, \u00eenchiriate sau dezv\u0103luite ter\u0163ilor.<\/p>\n\n\n\n<p>Acestea vor fi folosite doar \u00een scopul realiz\u0103rii actului comercial dintre socomat.ro \u015fi Cump\u0103r\u0103torii&nbsp;s\u0103i, al comunic\u0103rii cu ace\u015ftia privind evolu\u0163ia \u015fi starea comenzilor, al inform\u0103rii acestora cu privire la func\u0163ionarea siteului \u015fi a ofertelor acestuia.<\/p>\n\n\n\n<p>Socomat.ro poate notifica Cump\u0103r\u0103torii&nbsp;privind ofertele curente prin newsletter, poate trimite felicit\u0103ri \u015fi alte mesaje speciale.<br><br>Orice utilizator care a furnizat datele sale personale siteului socomat.ro, \u00een cadrul procesului de \u00eenregistrare \u00een vederea cump\u0103r\u0103rii de produse, poate cere ca acestea s\u0103 fie \u015fterse din baza de date a socomat.ro, trimi\u0163\u00e2nd un email&nbsp;<a href=\"https:\/\/web.archive.org\/web\/20190114152338\/mailto:office@socomat.ro\"><strong>magazin@socomat.ro<\/strong><\/a><strong>&nbsp;.<\/strong><\/p>\n\n\n\n<p><strong>Informa\u0163ii privind DEEE si BATERII<\/strong><\/p>\n\n\n\n<p>a)&nbsp;&nbsp;&nbsp;&nbsp;&nbsp; De\u015feurile de echipamente electrice \u015fi electronice (DEEE) si BATERII &nbsp;pot con\u0163ine substante periculoase ce au un impact negativ asupra mediului \u015fi s\u0103n\u0103ta\u0163ii umane \u00een cazul \u00een care nu sunt colectate separat.&nbsp;Av\u00e2nd \u00een vedere prevederile OUG 195\/2005 \u2013 referitoare la protec\u0163ia mediului \u015fi O.U.G. 5\/2015 privind de\u015feurile de echipamente electrice \u015fi electronice, Cump\u0103r\u0103torii&nbsp;vor avea \u00een vedere urmatoarele.<br>b) Cump\u0103r\u0103torii au obliga\u0163ia de a nu elimina de\u015feurile de echipamente electrice \u015fi electronice (DEEE) ca de\u015feuri municipale nesortate \u015fi de a colecta separat aceste DEEE si BATERII<br>c) Simbolul care indic\u0103 faptul c\u0103 echipamentele electrice \u015fi electronice fac obiectul unei colect\u0103ri separate reprezint\u0103 o pubel\u0103 cu ro\u0163i barat\u0103 cu o cruce.&nbsp;Aceast\u0103 pictogram\u0103 indic\u0103 faptul c\u0103 DEEE si BATERII nu trebuie amestecate cu de\u015feuri menajere \u015fi c\u0103 acestea fac obiectul unei colect\u0103ri separate.<\/p>\n\n\n\n<p>b)&nbsp;&nbsp;&nbsp;&nbsp;&nbsp; SC SOCOMAT TRADE SRL , in calitate de importator DEEE si BATERII este inscris in:<\/p>\n\n\n\n<p><strong>-registrul EEE sub numarul :RO-2016-12-EEE-2784-I<\/strong><\/p>\n\n\n\n<p><strong>-registrul BATERII sub numarul : RO-2016-12-B&amp;A-0954<\/strong><\/p>\n","protected":false},"excerpt":{"rendered":"<p>V\u00e2nz\u0103torSC SOCOMAT TRADE&nbsp; SRL cu sediul in Bucuresti, Strada Vlaicu Voda, nr 11, Tel-Fax 021\/425.26.36, CUI RO6477131, J40\/21111\/1994 Cump\u0103r\u0103torPersoana juridic\u0103 sau orice entitate juridic\u0103 care efectueaza o Comanda. Comanda: un document electronic ce intervine ca form\u0103 de comunicare \u00eentre V\u00e2nz\u0103tor \u015fi Cump\u0103r\u0103tor prin care V\u00e2nz\u0103torul este de acord s\u0103 livreze Bunurile \u015fi Cump\u0103r\u0103torul este de acord sa primeasc\u0103 aceste Bunuri \u015fi s\u0103 fac\u0103 plata acestora. ContractReprezint\u0103 contractul la distan\u0163\u0103 \u00eencheiat \u00eentre V\u00e2nz\u0103tor \u015fi Cump\u0103r\u0103tor, f\u0103r\u0103 prezen\u0163a fizic\u0103 simultan\u0103 a V\u00e2nz\u0103torului \u015fi a Cump\u0103r\u0103torului. Termenii \u015fi condi\u0163iile generale de v\u00e2nzare vor sta la baza Contractului astfel \u00eencheiat, \u00een completarea acestora fiind Certificatul de Garan\u0163ie emis de c\u0103tre V\u00e2nz\u0103tor sau un furnizor al acestuia.&nbsp;Contractul se \u00eencheie pe durat\u0103 nedeterminat\u0103, dar poate \u00eenceta \u00een momentul \u00een care Cump\u0103r\u0103torul&nbsp;\u00ee\u015fi exercit\u0103 dreptul de retragere din contract sau \u00een caz de for\u0163\u0103 major\u0103. Documente contractualea) Prin \u00eenregistrarea unei Comenzi pe Site, Cump\u0103r\u0103torul este de acord cu forma de comunicare (telefonic sau e-mail) prin care v\u00e2nz\u0103torul i\u015fi deruleaz\u0103 opera\u0163iunile comerciale.b) Notificarile primite de catre Cump\u0103r\u0103tor, dup\u0103 efectuarea Comenzii, au rol de informare \u015fi nu reprezint\u0103 acceptarea Comenzii. Aceste notificari se fac electronic (e-mail) sau telefonic.c) Pentru motive justificate, V\u00e2nz\u0103torul i\u015fi rezerv\u0103 dreptul de a modifica cantitatea Bunurilor din Comand\u0103. Dac\u0103 modific\u0103 cantitatea de Bunuri din Comand\u0103, va anun\u0163a Cump\u0103r\u0103torul la adresa de e-mail sau la num\u0103rul de telefon puse la dispozit\u0163ia V\u00e2nz\u0103torului la efectuarea Comenzii \u015fi va returna suma achitat\u0103.d) Confirmarea de&nbsp;\u00eenregistrare a Comenzii primit\u0103 de c\u0103tre Cump\u0103r\u0103tor&nbsp;automat, nu creeaza obligatii contractuale si nu este o confirmare a faptului ca produsele pot fi livrate. Contractul se consider\u0103 \u00eencheiat \u00een momentul \u00een care V\u00e2nz\u0103torul accept\u0103 comanda transmis\u0103 de Cump\u0103r\u0103tor. Acesta este momentul primirii de c\u0103tre Cump\u0103r\u0103tor de la V\u00e2nz\u0103tor, prin intermediul po\u015ftei electronice \u015fi\/sau SMS a notific\u0103rii de expediere a Comenzii (AWB transportator) Forta majoraNici una din p\u0103r\u0163i nu va fi r\u0103spunz\u0103toare pentru neexecutarea obliga\u0163iilor sale contractuale, dac\u0103 o astfel de neexecutare la termen \u015fi\/sau \u00een mod corespunz\u0103tor, total sau par\u0163ial este datorat\u0103 unui eveniment de for\u0163\u0103 major\u0103. For\u0163a major\u0103 este evenimentul imprevizibil,\u00een afara controlului p\u0103r\u0163ilor \u015fi care nu poate fi evitat. Daca \u00een termen de 15 (cincisprezece) zile de la data producerii lui, respectivul eveniment nu inceteaz\u0103, fiecare parte va avea dreptul s\u0103 notifice celeilalte par\u0163i \u00eencetarea de plin drept a Contractului f\u0103r\u0103 ca vreuna dintre ele s\u0103 poat\u0103 pretinde celeilalte alte daune-interese. Legea aplicabil\u0103 \u2013 Jurisdic\u0163ia Prezentul Contract este supus legii rom\u00e2ne. Eventualele litigii ap\u0103rute intre&nbsp;Socomat Trade SRL&nbsp; \u015fi Clien\u0163i \/ Cump\u0103r\u0103tori se vor rezolva pe cale amiabil\u0103 sau, \u00een cazul \u00een care aceasta nu va fi posibil\u0103, litigiile vor fi solu\u0163ionate de instan\u0163ele judec\u0103tore\u015fti rom\u00e2ne competente din Municipiul Bucuresti. Pre\u0163ul produselorPre\u0163ul produselor este cel men\u0163ionat pe pagina web \u015fi este valabil \u00een limita stocurilor disponibile. Pre\u0163ul produselor electrice \u015fi electronice include \u015fi costurile colect\u0103rii, trat\u0103rii \u015fi elimin\u0103rii DEEE. &nbsp;Costurile sunt eviden\u0163iate separat pe factura de cump\u0103rare.&nbsp;Pre\u0163ul nu include taxele de transport, acestea sunt eviden\u0163iate separat la finalizarea comenzii. Taxa de timbru verde&nbsp;\u2013 valoarea exprimat\u0103 \u00een lei, platit\u0103 de c\u0103tre V\u00e2nz\u0103tor c\u0103tre societatea autorizat\u0103 cu preluarea opera\u0163iunilor de colectare, transport \u015fi valorificare\/reciclare a de\u015feurilor echipamentelor electrice \u015fi electronice, astfel cum este prevazut de legisla\u0163ia \u00een vigoare. EroriDe\u015fi se fac eforturi permanente pentru p\u0103strarea acurate\u0163ei informa\u0163iilor pe site, rareori acestea pot con\u0163ine inadverten\u0163e: aspectul general al produsului s\u0103&nbsp;fie schimbat de produc\u0103tor fa\u0163\u0103&nbsp;de imaginile prezentate, s\u0103&nbsp;fie modificate anumite aspecte tehnice de la prezentarea produsului pe site, pre\u0163ul sau stocul s\u0103&nbsp;fie afi\u015fat eronat din motive tehnice. In aceste cazuri ne rezerv\u0103m dreptul de a refuza onorarea comenzilor&nbsp;\u015fi la anularea lor. De asemenea, comenzile la produsele ce con\u0163in discounturi se onoreaz\u0103&nbsp;doar in limita stocului disponibil. Facturare &#8211; PlataPre\u0163ul, modalitatea de plat\u0103 \u015fi termenul de plat\u0103 sunt specificate \u00een Comand\u0103. V\u00e2nz\u0103torul va emite c\u0103tre Cump\u0103r\u0103tor o factur\u0103 pentru produsele livrate, obliga\u0163ia Cump\u0103r\u0103torului fiind s\u0103 furnizeze toate informa\u0163iile necesare emiterii facturii conform cu legisla\u0163ia \u00een vigoare. Plata \u00een avansPentru anumite comenzi trimise prin curierat cu plata ramburs, se poate cere plata \u00een avans sau plata unui avans de minim 20% din valoarea total\u0103. Livrare(1) Cu excep\u0163ia cazului \u00een care p\u0103r\u0163ile au convenit altfel cu privire la momentul livr\u0103rii, V\u00e2nz\u0103torul&nbsp;livreaz\u0103 produsele transfer\u00e2nd posesia fizic\u0103 sau controlul asupra produselor c\u0103tre client, f\u0103r\u0103&nbsp;\u00eent\u00e2rziere nejustificat\u0103 \u015fi, \u00een orice caz, \u00een decurs de cel mult 30 de zile de la \u00eencheierea contractului.(2) \u00cen cazul \u00een care V\u00e2nz\u0103torul&nbsp;nu \u015fi-a \u00eendeplinit obliga\u0163ia de a livra produsele \u00een momentul&nbsp;convenit cu clientul sau \u00een termenul stabilit la alin. (1), clientul \u00eei solicit\u0103 s\u0103 efectueze&nbsp;livrarea \u00eentr-un termen suplimentar, corespunz\u0103tor circumstan\u0163elor. \u00cen cazul \u00een care V\u00e2nz\u0103torul&nbsp;nu&nbsp;livreaz\u0103 produsele \u00een termenul suplimentar respectiv, clientul are dreptul, dup\u0103 caz, la&nbsp;rezolu\u0163iunea sau rezilierea contractului.(3) Alineatul (2) nu se aplic\u0103 contractelor de v\u00e2nzare \u00een cazul \u00een care V\u00e2nz\u0103torul&nbsp;a refuzat s\u0103&nbsp;livreze produsele sau \u00een cazul \u00een care livrarea \u00een termenul convenit este esen\u0163ial\u0103 av\u00e2nd \u00een vedere&nbsp;toate circumstan\u0163ele existente la \u00eencheierea contractului sau \u00een cazul \u00een care clientul informeaz\u0103&nbsp;V\u00e2nz\u0103torul, \u00eenainte de \u00eencheierea contractului, c\u0103 livrarea \u00eenainte de sau la o dat\u0103 precizat\u0103 este&nbsp;esen\u0163ial\u0103. \u00cen aceste cazuri, dac\u0103 V\u00e2nz\u0103torul&nbsp;nu livreaz\u0103 produsele \u00een momentul convenit cu&nbsp;clientul sau \u00een termenul stabilit la alin. (1), clientul are dreptul, dup\u0103 caz, la rezolu\u0163iunea&nbsp;sau rezilierea contractului. Transferul propriet\u0103tii bunurilorProprietatea asupra Bunurilor va fi transferat\u0103 la livrare, dup\u0103 efectuarea pl\u0103tii din partea Cumparatorului \u00een loca\u0163ia indicat\u0103 \u00een Comand\u0103 (\u00eenteleg\u00e2nd prin livrare \u2013 semnarea de primire a documentului de transport furnizat de curier\/Agent comercial Socomat Trade) R\u0103spundereToate informa\u0163iile folosite pentru descrierea Bunurilor pe Site (imagini &nbsp;\/ prezent\u0103ri multimedia \/ etc) nu reprezinta o obligatie contractuala din partea V\u00e2nz\u0103torului, acestea fiind utilizate exclusiv cu titlu de prezentare. Datorit\u0103 modific\u0103rilor neanun\u0163ate efectuate de produc\u0103tori, unele caracteristici ale produselor precum forma de prezentare, culoare, dimensiuni, pot s\u0103 fie diferite fa\u0163\u0103 de prezentarea pe site. Respectarea legilor \u015fi a standardelor V\u00e2nz\u0103torul va respecta toate legile, reglement\u0103rile \u015fi ordonantele aplicabile la realiz\u0103rile sale contractuale, inclusiv f\u0103r\u0103 limitare la fabricarea, asamblarea, manipularea, transportul, depozitarea, ambalarea sau livrarea produselor \u015fi aplicabile la s\u0103n\u0103tate, securitate, mediu. Garan\u0163ieToate produsele comercializate prin intermediul site-ului sokotools.ro beneficiaz\u0103 de condi\u0163ii de garan\u0163ie conforme legisla\u0163iei \u00een vigoare \u015fi politicilor comerciale ale produc\u0103torilor. &nbsp;Se acord\u0103 garan\u0163ie pentru defecte de material \u015fi<\/p>\n","protected":false},"author":1,"featured_media":0,"parent":0,"menu_order":0,"comment_status":"closed","ping_status":"closed","template":"","meta":{"_monsterinsights_skip_tracking":false,"_monsterinsights_sitenote_active":false,"_monsterinsights_sitenote_note":"","_monsterinsights_sitenote_category":0,"site-sidebar-layout":"default","site-content-layout":"","ast-site-content-layout":"default","site-content-style":"default","site-sidebar-style":"default","ast-global-header-display":"","ast-banner-title-visibility":"","ast-main-header-display":"","ast-hfb-above-header-display":"","ast-hfb-below-header-display":"","ast-hfb-mobile-header-display":"","site-post-title":"","ast-breadcrumbs-content":"","ast-featured-img":"","footer-sml-layout":"","theme-transparent-header-meta":"","adv-header-id-meta":"","stick-header-meta":"","header-above-stick-meta":"","header-main-stick-meta":"","header-below-stick-meta":"","astra-migrate-meta-layouts":"default","ast-page-background-enabled":"default","ast-page-background-meta":{"desktop":{"background-color":"var(--ast-global-color-4)","background-image":"","background-repeat":"repeat","background-position":"center center","background-size":"auto","background-attachment":"scroll","background-type":"","background-media":"","overlay-type":"","overlay-color":"","overlay-opacity":"","overlay-gradient":""},"tablet":{"background-color":"","background-image":"","background-repeat":"repeat","background-position":"center center","background-size":"auto","background-attachment":"scroll","background-type":"","background-media":"","overlay-type":"","overlay-color":"","overlay-opacity":"","overlay-gradient":""},"mobile":{"background-color":"","background-image":"","background-repeat":"repeat","background-position":"center center","background-size":"auto","background-attachment":"scroll","background-type":"","background-media":"","overlay-type":"","overlay-color":"","overlay-opacity":"","overlay-gradient":""}},"ast-content-background-meta":{"desktop":{"background-color":"var(--ast-global-color-5)","background-image":"","background-repeat":"repeat","background-position":"center center","background-size":"auto","background-attachment":"scroll","background-type":"","background-media":"","overlay-type":"","overlay-color":"","overlay-opacity":"","overlay-gradient":""},"tablet":{"background-color":"var(--ast-global-color-5)","background-image":"","background-repeat":"repeat","background-position":"center center","background-size":"auto","background-attachment":"scroll","background-type":"","background-media":"","overlay-type":"","overlay-color":"","overlay-opacity":"","overlay-gradient":""},"mobile":{"background-color":"var(--ast-global-color-5)","background-image":"","background-repeat":"repeat","background-position":"center center","background-size":"auto","background-attachment":"scroll","background-type":"","background-media":"","overlay-type":"","overlay-color":"","overlay-opacity":"","overlay-gradient":""}},"footnotes":""},"class_list":["post-3124","page","type-page","status-publish","hentry"],"_links":{"self":[{"href":"https:\/\/www.socomat.ro\/magazin\/wp-json\/wp\/v2\/pages\/3124","targetHints":{"allow":["GET"]}}],"collection":[{"href":"https:\/\/www.socomat.ro\/magazin\/wp-json\/wp\/v2\/pages"}],"about":[{"href":"https:\/\/www.socomat.ro\/magazin\/wp-json\/wp\/v2\/types\/page"}],"author":[{"embeddable":true,"href":"https:\/\/www.socomat.ro\/magazin\/wp-json\/wp\/v2\/users\/1"}],"replies":[{"embeddable":true,"href":"https:\/\/www.socomat.ro\/magazin\/wp-json\/wp\/v2\/comments?post=3124"}],"version-history":[{"count":1,"href":"https:\/\/www.socomat.ro\/magazin\/wp-json\/wp\/v2\/pages\/3124\/revisions"}],"predecessor-version":[{"id":3125,"href":"https:\/\/www.socomat.ro\/magazin\/wp-json\/wp\/v2\/pages\/3124\/revisions\/3125"}],"wp:attachment":[{"href":"https:\/\/www.socomat.ro\/magazin\/wp-json\/wp\/v2\/media?parent=3124"}],"curies":[{"name":"wp","href":"https:\/\/api.w.org\/{rel}","templated":true}]}}